{"id":22,"date":"2019-08-07T20:34:48","date_gmt":"2019-08-07T18:34:48","guid":{"rendered":"http:\/\/greenwebagency.com\/?page_id=22"},"modified":"2019-08-24T10:55:53","modified_gmt":"2019-08-24T08:55:53","slug":"nos-formations","status":"publish","type":"page","link":"https:\/\/greenwebagency.com\/?page_id=22","title":{"rendered":"Nos formations"},"content":{"rendered":"<p>[et_pb_section fb_built=&#8221;1&#8243; custom_padding_last_edited=&#8221;on|phone&#8221; admin_label=&#8221;Hero Section&#8221; _builder_version=&#8221;3.22&#8243; background_color=&#8221;#3644af&#8221; background_image=&#8221;http:\/\/greenwebagency.com\/wp-content\/uploads\/2019\/08\/header-bg-3.jpg&#8221; custom_padding=&#8221;200px|0px|200px|0px&#8221; custom_padding_tablet=&#8221;200px||200px|&#8221; custom_padding_phone=&#8221;140px||140px|&#8221;][et_pb_row custom_padding=&#8221;|||&#8221; _builder_version=&#8221;3.25&#8243; animation_style=&#8221;slide&#8221; animation_direction=&#8221;bottom&#8221; animation_intensity_slide=&#8221;10%&#8221;][et_pb_column type=&#8221;4_4&#8243; _builder_version=&#8221;3.25&#8243; custom_padding=&#8221;|||&#8221; custom_padding__hover=&#8221;|||&#8221;][et_pb_text admin_label=&#8221;Title and subhead&#8221; _builder_version=&#8221;3.0.93&#8243; text_font=&#8221;Ubuntu||||||||&#8221; text_text_color=&#8221;rgba(255,255,255,0.7)&#8221; text_font_size=&#8221;16px&#8221; text_line_height=&#8221;1.8em&#8221; header_font=&#8221;Montserrat|700|||||||&#8221; header_font_size=&#8221;50px&#8221; header_line_height=&#8221;1.4em&#8221; header_2_font=&#8221;||||||||&#8221; text_orientation=&#8221;center&#8221; background_layout=&#8221;dark&#8221; max_width=&#8221;600px&#8221; module_alignment=&#8221;center&#8221; header_font_size_phone=&#8221;40px&#8221; header_font_size_last_edited=&#8221;on|desktop&#8221; locked=&#8221;off&#8221;]<\/p>\n<h1>Toutes nos formations<\/h1>\n<h1><span style=\"font-size: 16px; color: rgba(255, 255, 255, 0.7); font-family: Ubuntu, Helvetica, Arial, Lucida, sans-serif; font-weight: 500;\">Avoir un temps d&#8217;avance va vous permettre de devenir autonome de vous former pour appr\u00e9hender les diif\u00e9rentes \u00e9tapes de l&#8217;avanc\u00e9 de votre structure avec ma\u00eetrise et s\u00e9r\u00e9nit\u00e9.<\/span><\/h1>\n<p>Confiez-nous vos besoins de formation directement par message ou mail.<span style=\"font-size: 16px; color: rgba(255, 255, 255, 0.7); font-family: Ubuntu, Helvetica, Arial, Lucida, sans-serif; font-weight: 500;\"><\/span><\/p>\n<p><span style=\"font-size: 16px; color: rgba(255, 255, 255, 0.7); font-family: Ubuntu, Helvetica, Arial, Lucida, sans-serif; font-weight: 500;\"><\/span><\/p>\n<p>[\/et_pb_text][et_pb_button button_text=&#8221;Notre travail&#8221; button_alignment=&#8221;center&#8221; admin_label=&#8221;Button&#8221; _builder_version=&#8221;3.26.4&#8243; custom_button=&#8221;on&#8221; button_text_size=&#8221;16px&#8221; button_text_color=&#8221;#3644af&#8221; button_bg_color=&#8221;#ffffff&#8221; button_border_width=&#8221;0px&#8221; button_border_radius=&#8221;5px&#8221; button_letter_spacing=&#8221;2px&#8221; button_font=&#8221;Ubuntu|||on|||||&#8221; button_use_icon=&#8221;off&#8221; background_layout=&#8221;dark&#8221; custom_margin=&#8221;|||&#8221; custom_padding=&#8221;14px|28px|14px|28px&#8221; button_text_color_hover=&#8221;#ffffff&#8221; button_letter_spacing_hover=&#8221;2px&#8221; button_bg_color_hover=&#8221;#1fb6e9&#8243; locked=&#8221;off&#8221; button_text_size__hover_enabled=&#8221;off&#8221; button_one_text_size__hover_enabled=&#8221;off&#8221; button_two_text_size__hover_enabled=&#8221;off&#8221; button_text_color__hover_enabled=&#8221;on&#8221; button_text_color__hover=&#8221;#ffffff&#8221; button_one_text_color__hover_enabled=&#8221;off&#8221; button_two_text_color__hover_enabled=&#8221;off&#8221; button_border_width__hover_enabled=&#8221;off&#8221; button_one_border_width__hover_enabled=&#8221;off&#8221; button_two_border_width__hover_enabled=&#8221;off&#8221; button_border_color__hover_enabled=&#8221;off&#8221; button_one_border_color__hover_enabled=&#8221;off&#8221; button_two_border_color__hover_enabled=&#8221;off&#8221; button_border_radius__hover_enabled=&#8221;off&#8221; button_one_border_radius__hover_enabled=&#8221;off&#8221; button_two_border_radius__hover_enabled=&#8221;off&#8221; button_letter_spacing__hover_enabled=&#8221;on&#8221; button_letter_spacing__hover=&#8221;2px&#8221; button_one_letter_spacing__hover_enabled=&#8221;off&#8221; button_two_letter_spacing__hover_enabled=&#8221;off&#8221; button_bg_color__hover_enabled=&#8221;on&#8221; button_bg_color__hover=&#8221;#1fb6e9&#8243; button_one_bg_color__hover_enabled=&#8221;off&#8221; button_two_bg_color__hover_enabled=&#8221;off&#8221;][\/et_pb_button][\/et_pb_column][\/et_pb_row][\/et_pb_section][et_pb_section fb_built=&#8221;1&#8243; admin_label=&#8221;Our Services&#8221; _builder_version=&#8221;3.22&#8243; min_height=&#8221;714px&#8221; custom_padding=&#8221;100px|0px|0px|0px||&#8221; saved_tabs=&#8221;all&#8221;][et_pb_row admin_label=&#8221;Title Row&#8221; _builder_version=&#8221;3.25&#8243;][et_pb_column type=&#8221;4_4&#8243; _builder_version=&#8221;3.25&#8243; custom_padding=&#8221;|||&#8221; custom_padding__hover=&#8221;|||&#8221;][et_pb_text admin_label=&#8221;Title&#8221; _builder_version=&#8221;3.0.93&#8243; text_font=&#8221;Ubuntu||||||||&#8221; text_font_size=&#8221;16px&#8221; text_line_height=&#8221;1.8em&#8221; header_font=&#8221;||||||||&#8221; header_2_font=&#8221;Montserrat|700|||||||&#8221; header_2_font_size=&#8221;40px&#8221; header_2_line_height=&#8221;1.4em&#8221; text_orientation=&#8221;center&#8221; max_width=&#8221;601px&#8221; module_alignment=&#8221;center&#8221;]<\/p>\n<h2>Toutes nos formations<\/h2>\n<p>\u00a0<span>Les sessions de formation peuvent \u00eatre achet\u00e9s pour une consultation \u00e0 distance. Ou \u00eatre dispens\u00e9s de mani\u00e8re Individuelles ou collectives.<\/span><\/p>\n<p>&nbsp;<\/p>\n<p>[\/et_pb_text][\/et_pb_column][\/et_pb_row][et_pb_row column_structure=&#8221;1_3,1_3,1_3&#8243; admin_label=&#8221;Services&#8221; _builder_version=&#8221;3.25&#8243;][et_pb_column type=&#8221;1_3&#8243; _builder_version=&#8221;3.25&#8243; custom_padding=&#8221;|||&#8221; custom_padding__hover=&#8221;|||&#8221;][et_pb_blurb title=&#8221;Wordpress&#8221; image=&#8221;http:\/\/greenwebagency.com\/wp-content\/uploads\/2019\/08\/icon-service-1.png&#8221; admin_label=&#8221;Service&#8221; _builder_version=&#8221;3.0.93&#8243; header_font=&#8221;Montserrat|600|||||||&#8221; header_text_align=&#8221;center&#8221; header_font_size=&#8221;20px&#8221; header_line_height=&#8221;1.7em&#8221; body_font=&#8221;Ubuntu||||||||&#8221; body_text_align=&#8221;center&#8221; body_text_color=&#8221;rgba(255,255,255,0.7)&#8221; body_font_size=&#8221;16px&#8221; body_line_height=&#8221;1.8em&#8221; background_color=&#8221;#1fb6ea&#8221; border_radii=&#8221;on|5px|5px|5px|5px&#8221; background_layout=&#8221;dark&#8221; min_height=&#8221;375px&#8221; custom_padding=&#8221;60px|30px|60px|40px&#8221; animation_style=&#8221;slide&#8221; animation_direction=&#8221;bottom&#8221; animation_intensity_slide=&#8221;10%&#8221; animation=&#8221;off&#8221;]<\/p>\n<p>Formation WordPress sur mesure pour r\u00e9pondre \u00e0 vos besoins.\u00a0\u00a0<\/p>\n<p>[\/et_pb_blurb][\/et_pb_column][et_pb_column type=&#8221;1_3&#8243; _builder_version=&#8221;3.25&#8243; custom_padding=&#8221;|||&#8221; custom_padding__hover=&#8221;|||&#8221;][et_pb_blurb title=&#8221;Prestashop&#8221; image=&#8221;http:\/\/greenwebagency.com\/wp-content\/uploads\/2019\/08\/icon-service-2.png&#8221; admin_label=&#8221;Service&#8221; _builder_version=&#8221;3.0.93&#8243; header_font=&#8221;Montserrat|600|||||||&#8221; header_text_align=&#8221;center&#8221; header_font_size=&#8221;20px&#8221; header_line_height=&#8221;1.7em&#8221; body_font=&#8221;Ubuntu||||||||&#8221; body_text_align=&#8221;center&#8221; body_text_color=&#8221;rgba(255,255,255,0.7)&#8221; body_font_size=&#8221;16px&#8221; body_line_height=&#8221;1.8em&#8221; background_color=&#8221;#3644AF&#8221; border_radii=&#8221;on|5px|5px|5px|5px&#8221; background_layout=&#8221;dark&#8221; min_height=&#8221;368px&#8221; custom_margin=&#8221;||3px|||&#8221; custom_padding=&#8221;60px|30px|60px|40px&#8221; animation_style=&#8221;slide&#8221; animation_direction=&#8221;bottom&#8221; animation_intensity_slide=&#8221;10%&#8221; animation=&#8221;off&#8221;]<\/p>\n<p>Formation Prestashop pour vous apprendre \u00e0 cr\u00e9er votre boutique E-commerce.<\/p>\n<p>[\/et_pb_blurb][\/et_pb_column][et_pb_column type=&#8221;1_3&#8243; _builder_version=&#8221;3.25&#8243; custom_padding=&#8221;|||&#8221; custom_padding__hover=&#8221;|||&#8221;][et_pb_blurb title=&#8221;Woocommerce&#8221; image=&#8221;http:\/\/greenwebagency.com\/wp-content\/uploads\/2019\/08\/icon-service-3.png&#8221; admin_label=&#8221;Service&#8221; _builder_version=&#8221;3.0.93&#8243; header_font=&#8221;Montserrat|600|||||||&#8221; header_text_align=&#8221;center&#8221; header_font_size=&#8221;20px&#8221; header_line_height=&#8221;1.7em&#8221; body_font=&#8221;Ubuntu||||||||&#8221; body_text_align=&#8221;center&#8221; body_text_color=&#8221;rgba(255,255,255,0.7)&#8221; body_font_size=&#8221;16px&#8221; body_line_height=&#8221;1.8em&#8221; background_color=&#8221; #2A3443&#8243; border_radii=&#8221;on|5px|5px|5px|5px&#8221; background_layout=&#8221;dark&#8221; custom_padding=&#8221;60px|30px|60px|40px&#8221; animation_style=&#8221;slide&#8221; animation_direction=&#8221;bottom&#8221; animation_intensity_slide=&#8221;10%&#8221; animation=&#8221;off&#8221;]<\/p>\n<p>Formation Woocommerce pour cr\u00e9er une boutique E-commerce avec WordPress.<\/p>\n<p>[\/et_pb_blurb][\/et_pb_column][\/et_pb_row][\/et_pb_section][et_pb_section fb_built=&#8221;1&#8243; admin_label=&#8221;Web Design CTA&#8221; _builder_version=&#8221;3.22&#8243; box_shadow_style=&#8221;preset7&#8243; box_shadow_horizontal=&#8221;0px&#8221; box_shadow_vertical=&#8221;-20px&#8221; box_shadow_color=&#8221;#f3f5f9&#8243; custom_padding=&#8221;18px|0px|0px|0px||&#8221;][\/et_pb_section][et_pb_section fb_built=&#8221;1&#8243; admin_label=&#8221;Web Design CTA&#8221; _builder_version=&#8221;3.22&#8243; background_image=&#8221;http:\/\/greenwebagency.com\/wp-content\/uploads\/2019\/08\/web-design-background-01.jpg&#8221; background_position=&#8221;top_left&#8221; custom_padding=&#8221;100px|0px|0px|0px&#8221;][et_pb_row custom_padding=&#8221;27px|0px|0px|0px&#8221; admin_label=&#8221;Contents&#8221; _builder_version=&#8221;3.25&#8243;][et_pb_column type=&#8221;4_4&#8243; _builder_version=&#8221;3.25&#8243; custom_padding=&#8221;|||&#8221; custom_padding__hover=&#8221;|||&#8221;][et_pb_text admin_label=&#8221;Title&#8221; _builder_version=&#8221;3.0.93&#8243; text_font=&#8221;Ubuntu||||||||&#8221; text_font_size=&#8221;16px&#8221; text_line_height=&#8221;1.8em&#8221; header_font=&#8221;||||||||&#8221; header_2_font=&#8221;Montserrat|700|||||||&#8221; header_2_font_size=&#8221;40px&#8221; header_2_line_height=&#8221;1.4em&#8221; max_width=&#8221;500px&#8221; module_alignment=&#8221;left&#8221; locked=&#8221;off&#8221;]<\/p>\n<h2>Nous avons des\u00a0<\/h2>\n<h2>solutions quelque-soit vos besoins.<\/h2>\n<h2><span color=\"#666666\" face=\"Ubuntu, Helvetica, Arial, Lucida, sans-serif\" style=\"color: #666666; font-family: Ubuntu, Helvetica, Arial, Lucida, sans-serif;\"><span style=\"font-size: 16px; font-weight: 500;\">Vous pr\u00e9f\u00e9rez garder la main et apprendre par vous-m\u00eame. Pas de probl\u00e8me, nous pouvons vous former \u00e0 faire les choses par vous-m\u00eame. WordPress, Woocommerce, Prestashop, Site vitrine ou Site E-commerce, Marketing, Acquisition de trafic, Inbound, Publicit\u00e9s Facebook, Acquisition Instagram, D\u00e9veloppement, Apprendre \u00e0 d\u00e9l\u00e9guer, Cr\u00e9ations de contenus &#8230; Ecrivez-nous pour nous faire part de vos besoins afin que nous puissions vous organiser des formations personnalis\u00e9s \u00e0 vos besoins.\u00a0<\/span><\/span><\/h2>\n<p><span color=\"#666666\" face=\"Ubuntu, Helvetica, Arial, Lucida, sans-serif\" style=\"color: #666666; font-family: Ubuntu, Helvetica, Arial, Lucida, sans-serif;\"><span style=\"font-size: 16px; font-weight: 500;\"><\/span><\/span><\/p>\n<p><span color=\"#666666\" face=\"Ubuntu, Helvetica, Arial, Lucida, sans-serif\" style=\"color: #666666; font-family: Ubuntu, Helvetica, Arial, Lucida, sans-serif;\"><span style=\"font-size: 16px; font-weight: 500;\">Confiez-nous vos besoins de formation directement par message ou mail (<a href=\"mailto:contactgreenwebagency@gmail.com\">contactgreenwebagency@gmail.com<\/a>)<\/span><\/span><\/p>\n<p>[\/et_pb_text][\/et_pb_column][\/et_pb_row][et_pb_row column_structure=&#8221;1_2,1_2&#8243; use_custom_gutter=&#8221;on&#8221; gutter_width=&#8221;1&#8243; custom_padding=&#8221;0px|0px|134px|0px||&#8221; custom_margin=&#8221;66px|auto|-270px|auto||&#8221; admin_label=&#8221;Contents&#8221; module_class=&#8221; et_pb_row_fullwidth&#8221; _builder_version=&#8221;3.26.4&#8243; box_shadow_style=&#8221;preset7&#8243; box_shadow_horizontal=&#8221;0px&#8221; box_shadow_vertical=&#8221;-140px&#8221; box_shadow_color=&#8221;#2a3443&#8243; width=&#8221;100%&#8221; width_tablet=&#8221;100%&#8221; width_last_edited=&#8221;on|desktop&#8221; max_width=&#8221;100%&#8221; max_width_tablet=&#8221;100%&#8221; max_width_last_edited=&#8221;on|desktop&#8221; min_height=&#8221;333px&#8221; custom_margin_tablet=&#8221;100px|||&#8221; custom_margin_last_edited=&#8221;on|tablet&#8221; make_fullwidth=&#8221;on&#8221; locked=&#8221;off&#8221;][et_pb_column type=&#8221;1_2&#8243; _builder_version=&#8221;3.26.4&#8243; custom_padding=&#8221;|||&#8221; custom_padding__hover=&#8221;|||&#8221;][et_pb_video src=&#8221;https:\/\/youtu.be\/cu8NrUrVwIk&#8221; image_src=&#8221;\/\/i.ytimg.com\/vi\/cu8NrUrVwIk\/hqdefault.jpg&#8221; thumbnail_overlay_color=&#8221;rgba(0,0,0,0.6)&#8221; _builder_version=&#8221;3.26.4&#8243; custom_margin=&#8221;|||&#8221; animation_style=&#8221;slide&#8221; animation_direction=&#8221;left&#8221; animation_intensity_slide=&#8221;10%&#8221; animation_starting_opacity=&#8221;100%&#8221;][\/et_pb_video][\/et_pb_column][et_pb_column type=&#8221;1_2&#8243; _builder_version=&#8221;3.26.4&#8243; custom_padding=&#8221;|||&#8221; custom_padding__hover=&#8221;|||&#8221;][\/et_pb_column][\/et_pb_row][\/et_pb_section][et_pb_section fb_built=&#8221;1&#8243; admin_label=&#8221;Work Process Section&#8221; _builder_version=&#8221;3.26.4&#8243; background_color=&#8221;#2a3443&#8243; background_image=&#8221;http:\/\/greenwebagency.com\/wp-content\/uploads\/2019\/08\/marseille-3807230_1920.jpg&#8221; parallax=&#8221;on&#8221; min_height=&#8221;579px&#8221; custom_margin=&#8221;96px|||||&#8221; custom_padding=&#8221;100px|0px|100px|0px&#8221;][\/et_pb_section][et_pb_section fb_built=&#8221;1&#8243; admin_label=&#8221;Contact Section&#8221; _builder_version=&#8221;3.22&#8243; background_image=&#8221;http:\/\/greenwebagency.com\/wp-content\/uploads\/2019\/08\/section-background.jpg&#8221; box_shadow_style=&#8221;preset7&#8243; box_shadow_horizontal=&#8221;0px&#8221; box_shadow_vertical=&#8221;80px&#8221; box_shadow_color=&#8221;#2a3443&#8243; custom_padding=&#8221;0px|0px|0px|0px&#8221;][et_pb_row column_structure=&#8221;1_2,1_2&#8243; use_custom_gutter=&#8221;on&#8221; gutter_width=&#8221;1&#8243; custom_padding=&#8221;0px||0px|||&#8221; admin_label=&#8221;Contact Row&#8221; module_class=&#8221; et_pb_row_fullwidth&#8221; _builder_version=&#8221;3.25&#8243; width=&#8221;100%&#8221; width_tablet=&#8221;100%&#8221; width_last_edited=&#8221;on|desktop&#8221; max_width=&#8221;100%&#8221; max_width_tablet=&#8221;100%&#8221; max_width_last_edited=&#8221;on|desktop&#8221; min_height=&#8221;497px&#8221; make_fullwidth=&#8221;on&#8221;][et_pb_column type=&#8221;1_2&#8243; _builder_version=&#8221;3.25&#8243; custom_padding=&#8221;140px|10%|60px|10%&#8221; custom_padding__hover=&#8221;|||&#8221;][et_pb_text admin_label=&#8221;Title&#8221; _builder_version=&#8221;3.0.93&#8243; text_font=&#8221;Ubuntu||||||||&#8221; text_font_size=&#8221;16px&#8221; text_line_height=&#8221;1.8em&#8221; header_font=&#8221;||||||||&#8221; header_2_font=&#8221;Montserrat|700|||||||&#8221; header_2_font_size=&#8221;50px&#8221; header_2_line_height=&#8221;1.4em&#8221; max_width=&#8221;400px&#8221; module_alignment=&#8221;center&#8221; custom_margin=&#8221;|||&#8221; custom_padding=&#8221;|||&#8221; locked=&#8221;off&#8221;]<\/p>\n<h2><\/h2>\n<h2>Confiez-nous votre projet<\/h2>\n<h2><span style=\"font-size: 16px; font-family: Ubuntu, Helvetica, Arial, Lucida, sans-serif; color: #666666; font-weight: 500;\">A l&#8217;\u00e9coute de vos besoins pour vous former.<\/span><\/h2>\n<h2><span style=\"font-size: 16px; font-family: Ubuntu, Helvetica, Arial, Lucida, sans-serif; color: #666666; font-weight: 500;\">A r\u00e9ception nous vous faisons une proposition.\u00a0<span color=\"#666666\" face=\"Ubuntu, Helvetica, Arial, Lucida, sans-serif\"><span>Confiez-nous vos besoins besoins directement par message ou mail (<a href=\"mailto:contactgreenwebagency@gmail.com\">contactgreenwebagency@gmail.com<\/a>)<\/span><\/span><\/span><\/h2>\n<p>[\/et_pb_text][\/et_pb_column][et_pb_column type=&#8221;1_2&#8243; _builder_version=&#8221;3.25&#8243; background_color=&#8221;#3644AF&#8221; custom_padding=&#8221;|||&#8221; custom_padding__hover=&#8221;|||&#8221;][et_pb_contact_form captcha=&#8221;off&#8221; submit_button_text=&#8221;Envoyer&#8221; module_id=&#8221;et_pb_contact_form_0&#8243; _builder_version=&#8221;3.26.4&#8243; form_field_background_color=&#8221;rgba(255,255,255,0.05)&#8221; form_field_text_color=&#8221;#ffffff&#8221; form_field_font=&#8221;Ubuntu|500|||||||&#8221; form_field_font_size=&#8221;14px&#8221; border_radii=&#8221;on|5px|5px|5px|5px&#8221; custom_button=&#8221;on&#8221; button_text_size=&#8221;16px&#8221; button_text_color=&#8221;#ffffff&#8221; button_bg_color=&#8221;#1fb6e9&#8243; button_border_width=&#8221;10px&#8221; button_border_color=&#8221;#1fb6e9&#8243; button_border_radius=&#8221;5px&#8221; button_letter_spacing=&#8221;2px&#8221; button_font=&#8221;Ubuntu|||on|||||&#8221; button_use_icon=&#8221;off&#8221; text_orientation=&#8221;left&#8221; max_width=&#8221;80%&#8221; module_alignment=&#8221;center&#8221; custom_margin=&#8221;150px|40px|100px|40px&#8221; animation_style=&#8221;slide&#8221; animation_direction=&#8221;right&#8221; animation_intensity_slide=&#8221;10%&#8221; form_background_color=&#8221;rgba(255,255,255,0.05)&#8221; button_border_radius_hover=&#8221;5px&#8221; button_letter_spacing_hover=&#8221;2px&#8221;][et_pb_contact_field field_id=&#8221;Name&#8221; field_title=&#8221;Nom&#8221; _builder_version=&#8221;3.26.4&#8243; border_radii=&#8221;on||||&#8221; button_text_size__hover_enabled=&#8221;off&#8221; button_one_text_size__hover_enabled=&#8221;off&#8221; button_two_text_size__hover_enabled=&#8221;off&#8221; button_text_color__hover_enabled=&#8221;off&#8221; button_one_text_color__hover_enabled=&#8221;off&#8221; button_two_text_color__hover_enabled=&#8221;off&#8221; button_border_width__hover_enabled=&#8221;off&#8221; button_one_border_width__hover_enabled=&#8221;off&#8221; button_two_border_width__hover_enabled=&#8221;off&#8221; button_border_color__hover_enabled=&#8221;off&#8221; button_one_border_color__hover_enabled=&#8221;off&#8221; button_two_border_color__hover_enabled=&#8221;off&#8221; button_border_radius__hover_enabled=&#8221;off&#8221; button_one_border_radius__hover_enabled=&#8221;off&#8221; button_two_border_radius__hover_enabled=&#8221;off&#8221; button_letter_spacing__hover_enabled=&#8221;off&#8221; button_one_letter_spacing__hover_enabled=&#8221;off&#8221; button_two_letter_spacing__hover_enabled=&#8221;off&#8221; button_bg_color__hover_enabled=&#8221;off&#8221; button_one_bg_color__hover_enabled=&#8221;off&#8221; button_two_bg_color__hover_enabled=&#8221;off&#8221;][\/et_pb_contact_field][et_pb_contact_field field_id=&#8221;Email&#8221; field_title=&#8221;Email&#8221; field_type=&#8221;email&#8221; _builder_version=&#8221;3.26.4&#8243; border_radii=&#8221;on||||&#8221; button_text_size__hover_enabled=&#8221;off&#8221; button_one_text_size__hover_enabled=&#8221;off&#8221; button_two_text_size__hover_enabled=&#8221;off&#8221; button_text_color__hover_enabled=&#8221;off&#8221; button_one_text_color__hover_enabled=&#8221;off&#8221; button_two_text_color__hover_enabled=&#8221;off&#8221; button_border_width__hover_enabled=&#8221;off&#8221; button_one_border_width__hover_enabled=&#8221;off&#8221; button_two_border_width__hover_enabled=&#8221;off&#8221; button_border_color__hover_enabled=&#8221;off&#8221; button_one_border_color__hover_enabled=&#8221;off&#8221; button_two_border_color__hover_enabled=&#8221;off&#8221; button_border_radius__hover_enabled=&#8221;off&#8221; button_one_border_radius__hover_enabled=&#8221;off&#8221; button_two_border_radius__hover_enabled=&#8221;off&#8221; button_letter_spacing__hover_enabled=&#8221;off&#8221; button_one_letter_spacing__hover_enabled=&#8221;off&#8221; button_two_letter_spacing__hover_enabled=&#8221;off&#8221; button_bg_color__hover_enabled=&#8221;off&#8221; button_one_bg_color__hover_enabled=&#8221;off&#8221; button_two_bg_color__hover_enabled=&#8221;off&#8221;][\/et_pb_contact_field][et_pb_contact_field field_id=&#8221;Title&#8221; field_title=&#8221;Titre&#8221; field_type=&#8221;email&#8221; fullwidth_field=&#8221;on&#8221; _builder_version=&#8221;3.26.4&#8243; border_radii=&#8221;on||||&#8221; button_text_size__hover_enabled=&#8221;off&#8221; button_one_text_size__hover_enabled=&#8221;off&#8221; button_two_text_size__hover_enabled=&#8221;off&#8221; button_text_color__hover_enabled=&#8221;off&#8221; button_one_text_color__hover_enabled=&#8221;off&#8221; button_two_text_color__hover_enabled=&#8221;off&#8221; button_border_width__hover_enabled=&#8221;off&#8221; button_one_border_width__hover_enabled=&#8221;off&#8221; button_two_border_width__hover_enabled=&#8221;off&#8221; button_border_color__hover_enabled=&#8221;off&#8221; button_one_border_color__hover_enabled=&#8221;off&#8221; button_two_border_color__hover_enabled=&#8221;off&#8221; button_border_radius__hover_enabled=&#8221;off&#8221; button_one_border_radius__hover_enabled=&#8221;off&#8221; button_two_border_radius__hover_enabled=&#8221;off&#8221; button_letter_spacing__hover_enabled=&#8221;off&#8221; button_one_letter_spacing__hover_enabled=&#8221;off&#8221; button_two_letter_spacing__hover_enabled=&#8221;off&#8221; button_bg_color__hover_enabled=&#8221;off&#8221; button_one_bg_color__hover_enabled=&#8221;off&#8221; button_two_bg_color__hover_enabled=&#8221;off&#8221;][\/et_pb_contact_field][et_pb_contact_field field_id=&#8221;Details&#8221; field_title=&#8221;Message&#8221; field_type=&#8221;text&#8221; fullwidth_field=&#8221;on&#8221; _builder_version=&#8221;3.26.4&#8243; border_radii=&#8221;on||||&#8221; button_text_size__hover_enabled=&#8221;off&#8221; button_one_text_size__hover_enabled=&#8221;off&#8221; button_two_text_size__hover_enabled=&#8221;off&#8221; button_text_color__hover_enabled=&#8221;off&#8221; button_one_text_color__hover_enabled=&#8221;off&#8221; button_two_text_color__hover_enabled=&#8221;off&#8221; button_border_width__hover_enabled=&#8221;off&#8221; button_one_border_width__hover_enabled=&#8221;off&#8221; button_two_border_width__hover_enabled=&#8221;off&#8221; button_border_color__hover_enabled=&#8221;off&#8221; button_one_border_color__hover_enabled=&#8221;off&#8221; button_two_border_color__hover_enabled=&#8221;off&#8221; button_border_radius__hover_enabled=&#8221;off&#8221; button_one_border_radius__hover_enabled=&#8221;off&#8221; button_two_border_radius__hover_enabled=&#8221;off&#8221; button_letter_spacing__hover_enabled=&#8221;off&#8221; button_one_letter_spacing__hover_enabled=&#8221;off&#8221; button_two_letter_spacing__hover_enabled=&#8221;off&#8221; button_bg_color__hover_enabled=&#8221;off&#8221; button_one_bg_color__hover_enabled=&#8221;off&#8221; button_two_bg_color__hover_enabled=&#8221;off&#8221;][\/et_pb_contact_field][\/et_pb_contact_form][\/et_pb_column][\/et_pb_row][\/et_pb_section]<\/p>\n","protected":false},"excerpt":{"rendered":"<p>Toutes nos formations Avoir un temps d&#8217;avance va vous permettre de devenir autonome de vous former pour appr\u00e9hender les diif\u00e9rentes \u00e9tapes de l&#8217;avanc\u00e9 de votre structure avec ma\u00eetrise et s\u00e9r\u00e9nit\u00e9. Confiez-nous vos besoins de formation directement par message ou mail. Toutes nos formations \u00a0Les sessions de formation peuvent \u00eatre achet\u00e9s pour une consultation \u00e0 distance. [&hellip;]<\/p>\n","protected":false},"author":1,"featured_media":0,"parent":0,"menu_order":7,"comment_status":"closed","ping_status":"closed","template":"","meta":{"_et_pb_use_builder":"on","_et_pb_old_content":"<!-- wp:divi\/placeholder \/-->","_et_gb_content_width":""},"_links":{"self":[{"href":"https:\/\/greenwebagency.com\/index.php?rest_route=\/wp\/v2\/pages\/22"}],"collection":[{"href":"https:\/\/greenwebagency.com\/index.php?rest_route=\/wp\/v2\/pages"}],"about":[{"href":"https:\/\/greenwebagency.com\/index.php?rest_route=\/wp\/v2\/types\/page"}],"author":[{"embeddable":true,"href":"https:\/\/greenwebagency.com\/index.php?rest_route=\/wp\/v2\/users\/1"}],"replies":[{"embeddable":true,"href":"https:\/\/greenwebagency.com\/index.php?rest_route=%2Fwp%2Fv2%2Fcomments&post=22"}],"version-history":[{"count":11,"href":"https:\/\/greenwebagency.com\/index.php?rest_route=\/wp\/v2\/pages\/22\/revisions"}],"predecessor-version":[{"id":202,"href":"https:\/\/greenwebagency.com\/index.php?rest_route=\/wp\/v2\/pages\/22\/revisions\/202"}],"wp:attachment":[{"href":"https:\/\/greenwebagency.com\/index.php?rest_route=%2Fwp%2Fv2%2Fmedia&parent=22"}],"curies":[{"name":"wp","href":"https:\/\/api.w.org\/{rel}","templated":true}]}}